{"id":134,"date":"2024-03-27T09:24:19","date_gmt":"2024-03-27T14:24:19","guid":{"rendered":"https:\/\/ips-unidadmedica.com\/?page_id=134"},"modified":"2024-03-27T09:26:18","modified_gmt":"2024-03-27T14:26:18","slug":"area-medicina-especializada","status":"publish","type":"page","link":"https:\/\/ips-unidadmedica.com\/index.php\/area-medicina-especializada\/","title":{"rendered":"\u00c1rea medicina especializada"},"content":{"rendered":"<div class=\"wpb-content-wrapper\"><p>[vc_row][vc_column][vc_column_text]<\/p>\n<ul>\n<li>Medicina familiar<\/li>\n<li>Pediatr\u00eda<\/li>\n<li>Cirug\u00eda<\/li>\n<li>Traumatolog\u00eda y Ortopedia<\/li>\n<li>Dermatolog\u00eda<\/li>\n<\/ul>\n<p>[\/vc_column_text][\/vc_column][\/vc_row]<\/p>\n<\/div>","protected":false},"excerpt":{"rendered":"<p>[vc_row][vc_column][vc_column_text] Medicina familiar Pediatr\u00eda Cirug\u00eda Traumatolog\u00eda y Ortopedia Dermatolog\u00eda [\/vc_column_text][\/vc_column][\/vc_row]<\/p>\n","protected":false},"author":1,"featured_media":0,"parent":0,"menu_order":0,"comment_status":"closed","ping_status":"closed","template":"","meta":{"footnotes":""},"class_list":["post-134","page","type-page","status-publish","hentry"],"_links":{"self":[{"href":"https:\/\/ips-unidadmedica.com\/index.php\/wp-json\/wp\/v2\/pages\/134","targetHints":{"allow":["GET"]}}],"collection":[{"href":"https:\/\/ips-unidadmedica.com\/index.php\/wp-json\/wp\/v2\/pages"}],"about":[{"href":"https:\/\/ips-unidadmedica.com\/index.php\/wp-json\/wp\/v2\/types\/page"}],"author":[{"embeddable":true,"href":"https:\/\/ips-unidadmedica.com\/index.php\/wp-json\/wp\/v2\/users\/1"}],"replies":[{"embeddable":true,"href":"https:\/\/ips-unidadmedica.com\/index.php\/wp-json\/wp\/v2\/comments?post=134"}],"version-history":[{"count":2,"href":"https:\/\/ips-unidadmedica.com\/index.php\/wp-json\/wp\/v2\/pages\/134\/revisions"}],"predecessor-version":[{"id":137,"href":"https:\/\/ips-unidadmedica.com\/index.php\/wp-json\/wp\/v2\/pages\/134\/revisions\/137"}],"wp:attachment":[{"href":"https:\/\/ips-unidadmedica.com\/index.php\/wp-json\/wp\/v2\/media?parent=134"}],"curies":[{"name":"wp","href":"https:\/\/api.w.org\/{rel}","templated":true}]}}