{"id":138,"date":"2024-03-27T09:26:56","date_gmt":"2024-03-27T14:26:56","guid":{"rendered":"https:\/\/ips-unidadmedica.com\/?page_id=138"},"modified":"2024-03-27T09:29:06","modified_gmt":"2024-03-27T14:29:06","slug":"citologia-cervico-vaginal","status":"publish","type":"page","link":"https:\/\/ips-unidadmedica.com\/index.php\/citologia-cervico-vaginal\/","title":{"rendered":"Citolog\u00eda c\u00e9rvico vaginal"},"content":{"rendered":"<div class=\"wpb-content-wrapper\"><p>[vc_row][vc_column][vc_column_text]<\/p>\n<ul>\n<li> Toma de Citolog\u00eda C\u00e9rvico Vaginal <\/li>\n<li> Lectura de Citolog\u00eda C\u00e9rvico Vaginal (Pat\u00f3logo Adscrito) <\/li>\n<p>Es un examen sencillo que se realiza a las mujeres y consiste en tomar una peque\u00f1a muestra de tejido del cuello del \u00fatero para ser analizada en el laboratorio, con el fin de detectar la presencia de c\u00e9lulas anormales o cancerosas.\n<\/ul>\n<p>[\/vc_column_text][\/vc_column][\/vc_row]<\/p>\n<\/div>","protected":false},"excerpt":{"rendered":"<p>[vc_row][vc_column][vc_column_text] Toma de Citolog\u00eda C\u00e9rvico Vaginal Lectura de Citolog\u00eda C\u00e9rvico Vaginal (Pat\u00f3logo Adscrito) Es un examen sencillo que se realiza a las mujeres y consiste en tomar una peque\u00f1a muestra de tejido del cuello del \u00fatero para ser analizada en el laboratorio, con el fin de detectar la presencia de c\u00e9lulas anormales o cancerosas. [\/vc_column_text][\/vc_column][\/vc_row]<\/p>\n","protected":false},"author":1,"featured_media":0,"parent":0,"menu_order":0,"comment_status":"closed","ping_status":"closed","template":"","meta":{"footnotes":""},"class_list":["post-138","page","type-page","status-publish","hentry"],"_links":{"self":[{"href":"https:\/\/ips-unidadmedica.com\/index.php\/wp-json\/wp\/v2\/pages\/138","targetHints":{"allow":["GET"]}}],"collection":[{"href":"https:\/\/ips-unidadmedica.com\/index.php\/wp-json\/wp\/v2\/pages"}],"about":[{"href":"https:\/\/ips-unidadmedica.com\/index.php\/wp-json\/wp\/v2\/types\/page"}],"author":[{"embeddable":true,"href":"https:\/\/ips-unidadmedica.com\/index.php\/wp-json\/wp\/v2\/users\/1"}],"replies":[{"embeddable":true,"href":"https:\/\/ips-unidadmedica.com\/index.php\/wp-json\/wp\/v2\/comments?post=138"}],"version-history":[{"count":2,"href":"https:\/\/ips-unidadmedica.com\/index.php\/wp-json\/wp\/v2\/pages\/138\/revisions"}],"predecessor-version":[{"id":141,"href":"https:\/\/ips-unidadmedica.com\/index.php\/wp-json\/wp\/v2\/pages\/138\/revisions\/141"}],"wp:attachment":[{"href":"https:\/\/ips-unidadmedica.com\/index.php\/wp-json\/wp\/v2\/media?parent=138"}],"curies":[{"name":"wp","href":"https:\/\/api.w.org\/{rel}","templated":true}]}}