{"id":142,"date":"2024-03-27T09:29:38","date_gmt":"2024-03-27T14:29:38","guid":{"rendered":"https:\/\/ips-unidadmedica.com\/?page_id=142"},"modified":"2024-03-27T09:30:46","modified_gmt":"2024-03-27T14:30:46","slug":"adulto-mayor","status":"publish","type":"page","link":"https:\/\/ips-unidadmedica.com\/index.php\/adulto-mayor\/","title":{"rendered":"Adulto mayor"},"content":{"rendered":"<div class=\"wpb-content-wrapper\"><p>[vc_row][vc_column][vc_column_text]<\/p>\n<ul>\n<li> Programa para la detecci\u00f3n temprana de las alteraciones en la salud del adulto mayor de 45 a\u00f1os. <\/li>\n<li>  Es un conjunto de actividades, procedimientos e intervenciones, mediante los cuales se logra la detecci\u00f3n temprana <\/li>\n<li>  Diagn\u00f3stico oportuno de una o algunas de las patolog\u00edas cr\u00f3nicas propias. <\/li>\n<li>  Ofrecer alternativas para el control de los factores de riesgo, el tratamiento o la rehabilitaci\u00f3n. <\/li>\n<\/ul>\n<p>[\/vc_column_text][\/vc_column][\/vc_row]<\/p>\n<\/div>","protected":false},"excerpt":{"rendered":"<p>[vc_row][vc_column][vc_column_text] Programa para la detecci\u00f3n temprana de las alteraciones en la salud del adulto mayor de 45 a\u00f1os. Es un conjunto de actividades, procedimientos e intervenciones, mediante los cuales se logra la detecci\u00f3n temprana Diagn\u00f3stico oportuno de una o algunas de las patolog\u00edas cr\u00f3nicas propias. Ofrecer alternativas para el control de los factores de riesgo, el tratamiento o la rehabilitaci\u00f3n&#8230;.<\/p>\n","protected":false},"author":1,"featured_media":0,"parent":0,"menu_order":0,"comment_status":"closed","ping_status":"closed","template":"","meta":{"footnotes":""},"class_list":["post-142","page","type-page","status-publish","hentry"],"_links":{"self":[{"href":"https:\/\/ips-unidadmedica.com\/index.php\/wp-json\/wp\/v2\/pages\/142","targetHints":{"allow":["GET"]}}],"collection":[{"href":"https:\/\/ips-unidadmedica.com\/index.php\/wp-json\/wp\/v2\/pages"}],"about":[{"href":"https:\/\/ips-unidadmedica.com\/index.php\/wp-json\/wp\/v2\/types\/page"}],"author":[{"embeddable":true,"href":"https:\/\/ips-unidadmedica.com\/index.php\/wp-json\/wp\/v2\/users\/1"}],"replies":[{"embeddable":true,"href":"https:\/\/ips-unidadmedica.com\/index.php\/wp-json\/wp\/v2\/comments?post=142"}],"version-history":[{"count":2,"href":"https:\/\/ips-unidadmedica.com\/index.php\/wp-json\/wp\/v2\/pages\/142\/revisions"}],"predecessor-version":[{"id":145,"href":"https:\/\/ips-unidadmedica.com\/index.php\/wp-json\/wp\/v2\/pages\/142\/revisions\/145"}],"wp:attachment":[{"href":"https:\/\/ips-unidadmedica.com\/index.php\/wp-json\/wp\/v2\/media?parent=142"}],"curies":[{"name":"wp","href":"https:\/\/api.w.org\/{rel}","templated":true}]}}