{"id":146,"date":"2024-03-27T09:31:15","date_gmt":"2024-03-27T14:31:15","guid":{"rendered":"https:\/\/ips-unidadmedica.com\/?page_id=146"},"modified":"2024-03-27T09:32:06","modified_gmt":"2024-03-27T14:32:06","slug":"control-prenatal","status":"publish","type":"page","link":"https:\/\/ips-unidadmedica.com\/index.php\/control-prenatal\/","title":{"rendered":"Control  prenatal"},"content":{"rendered":"<div class=\"wpb-content-wrapper\"><p>[vc_row][vc_column][vc_column_text]Identificar los riesgos relacionados con el embarazo y planificar el control<br \/>\nde los mismos, a fin de lograr una gestaci\u00f3n adecuada que permita que el<br \/>\nparto y el nacimiento ocurran en \u00f3ptimas condiciones, sin secuelas f\u00edsicas<br \/>\no ps\u00edquicas para la madre y su hijo.[\/vc_column_text][\/vc_column][\/vc_row]<\/p>\n<\/div>","protected":false},"excerpt":{"rendered":"<p>[vc_row][vc_column][vc_column_text]Identificar los riesgos relacionados con el embarazo y planificar el control de los mismos, a fin de lograr una gestaci\u00f3n adecuada que permita que el parto y el nacimiento ocurran en \u00f3ptimas condiciones, sin secuelas f\u00edsicas o ps\u00edquicas para la madre y su hijo.[\/vc_column_text][\/vc_column][\/vc_row]<\/p>\n","protected":false},"author":1,"featured_media":0,"parent":0,"menu_order":0,"comment_status":"closed","ping_status":"closed","template":"","meta":{"footnotes":""},"class_list":["post-146","page","type-page","status-publish","hentry"],"_links":{"self":[{"href":"https:\/\/ips-unidadmedica.com\/index.php\/wp-json\/wp\/v2\/pages\/146","targetHints":{"allow":["GET"]}}],"collection":[{"href":"https:\/\/ips-unidadmedica.com\/index.php\/wp-json\/wp\/v2\/pages"}],"about":[{"href":"https:\/\/ips-unidadmedica.com\/index.php\/wp-json\/wp\/v2\/types\/page"}],"author":[{"embeddable":true,"href":"https:\/\/ips-unidadmedica.com\/index.php\/wp-json\/wp\/v2\/users\/1"}],"replies":[{"embeddable":true,"href":"https:\/\/ips-unidadmedica.com\/index.php\/wp-json\/wp\/v2\/comments?post=146"}],"version-history":[{"count":2,"href":"https:\/\/ips-unidadmedica.com\/index.php\/wp-json\/wp\/v2\/pages\/146\/revisions"}],"predecessor-version":[{"id":149,"href":"https:\/\/ips-unidadmedica.com\/index.php\/wp-json\/wp\/v2\/pages\/146\/revisions\/149"}],"wp:attachment":[{"href":"https:\/\/ips-unidadmedica.com\/index.php\/wp-json\/wp\/v2\/media?parent=146"}],"curies":[{"name":"wp","href":"https:\/\/api.w.org\/{rel}","templated":true}]}}