{"id":154,"date":"2024-03-27T09:33:26","date_gmt":"2024-03-27T14:33:26","guid":{"rendered":"https:\/\/ips-unidadmedica.com\/?page_id=154"},"modified":"2024-03-27T09:34:18","modified_gmt":"2024-03-27T14:34:18","slug":"crecimiento-y-desarrollo","status":"publish","type":"page","link":"https:\/\/ips-unidadmedica.com\/index.php\/crecimiento-y-desarrollo\/","title":{"rendered":"crecimiento y desarrollo"},"content":{"rendered":"<div class=\"wpb-content-wrapper\"><p>[vc_row][vc_column][vc_column_text]<\/p>\n<p style=\"background: white; margin: 0cm 0cm 11.25pt 0cm;\"><span style=\"font-size: 11.5pt; font-family: 'Lato',sans-serif; color: #777777;\">Promover el cuidado integral (f\u00edsico, mental, emocional y social) de los ni\u00f1os, detectando oportunamente las alteraciones en su proceso de crecimiento y desarrollo para canalizar a los servicios respectivos.<\/span><\/p>\n<p style=\"background: white; margin: 0cm 0cm 11.25pt 0cm;\"><span style=\"font-size: 11.5pt; font-family: 'Lato',sans-serif; color: #777777;\">Dirigido a:<\/span><\/p>\n<p style=\"margin: 0cm; background: white;\"><span style=\"font-size: 11.5pt; font-family: 'Lato',sans-serif; color: #777777;\">Todos los ni\u00f1os y ni\u00f1as desde el nacimiento hasta antes de cumplir los 10 a\u00f1os.<\/span><\/p>\n<p>[\/vc_column_text][\/vc_column][\/vc_row]<\/p>\n<\/div>","protected":false},"excerpt":{"rendered":"<p>[vc_row][vc_column][vc_column_text] Promover el cuidado integral (f\u00edsico, mental, emocional y social) de los ni\u00f1os, detectando oportunamente las alteraciones en su proceso de crecimiento y desarrollo para canalizar a los servicios respectivos. Dirigido a: Todos los ni\u00f1os y ni\u00f1as desde el nacimiento hasta antes de cumplir los 10 a\u00f1os. [\/vc_column_text][\/vc_column][\/vc_row]<\/p>\n","protected":false},"author":1,"featured_media":0,"parent":0,"menu_order":0,"comment_status":"closed","ping_status":"closed","template":"","meta":{"footnotes":""},"class_list":["post-154","page","type-page","status-publish","hentry"],"_links":{"self":[{"href":"https:\/\/ips-unidadmedica.com\/index.php\/wp-json\/wp\/v2\/pages\/154","targetHints":{"allow":["GET"]}}],"collection":[{"href":"https:\/\/ips-unidadmedica.com\/index.php\/wp-json\/wp\/v2\/pages"}],"about":[{"href":"https:\/\/ips-unidadmedica.com\/index.php\/wp-json\/wp\/v2\/types\/page"}],"author":[{"embeddable":true,"href":"https:\/\/ips-unidadmedica.com\/index.php\/wp-json\/wp\/v2\/users\/1"}],"replies":[{"embeddable":true,"href":"https:\/\/ips-unidadmedica.com\/index.php\/wp-json\/wp\/v2\/comments?post=154"}],"version-history":[{"count":2,"href":"https:\/\/ips-unidadmedica.com\/index.php\/wp-json\/wp\/v2\/pages\/154\/revisions"}],"predecessor-version":[{"id":157,"href":"https:\/\/ips-unidadmedica.com\/index.php\/wp-json\/wp\/v2\/pages\/154\/revisions\/157"}],"wp:attachment":[{"href":"https:\/\/ips-unidadmedica.com\/index.php\/wp-json\/wp\/v2\/media?parent=154"}],"curies":[{"name":"wp","href":"https:\/\/api.w.org\/{rel}","templated":true}]}}