{"id":28,"date":"2024-03-22T11:50:24","date_gmt":"2024-03-22T16:50:24","guid":{"rendered":"https:\/\/ips-unidadmedica.com\/?page_id=28"},"modified":"2024-03-22T12:07:11","modified_gmt":"2024-03-22T17:07:11","slug":"sst2","status":"publish","type":"page","link":"https:\/\/ips-unidadmedica.com\/index.php\/sst2\/","title":{"rendered":"SSST2"},"content":{"rendered":"<div class=\"wpb-content-wrapper\"><p>[vc_row][vc_column offset=&#8221;vc_col-lg-6 vc_col-md-6&#8243;][vc_column_text]<\/p>\n<h4 style=\"line-height: 18.0pt; background: white; margin: 0cm 0cm 3.75pt 0cm;\"><span style=\"font-size: 10.5pt; font-family: 'Lato',sans-serif; color: #0066bf; text-transform: uppercase;\">IPS UNIDAD M\u00c9DICA<\/span><\/h4>\n<h2 style=\"line-height: 30pt; background: white; margin: 0cm 0cm 45.0pt 0cm; font-size: 22.0pt; font-family: 'Lato',sans-serif; color: #333333;\">Seguridad Salud En El Trabajo (SST)<\/h2>\n<p style=\"font-size: 13.5pt; font-family: 'Arial',sans-serif; color: #777777; text-align: justify;\">Somos una empresa especializada en la prestaci\u00f3n de servicios integrales en Seguridad y Salud en el Trabajo; con un alto nivel de calidad y compromiso reflejado en la plena satisfacci\u00f3n y cumplimiento de las expectativas de nuestros clientes.<\/p>\n<p>[\/vc_column_text][vc_column_text]<\/p>\n<p style=\"font-size: 13.5pt; font-family: 'Arial',sans-serif; color: #777777; text-align: justify;\">En\u00a0<b>UNIDAD MEDICA IPS-SO<\/b> planeamos, controlamos, evaluamos y auditamos para proponer soluciones integrales, viables, necesarias y efectivas, dirigidas a resolver sus necesidades en los aspectos de la salud, ambiente y seguridad.<\/p>\n<p style=\"font-size: 13.5pt; font-family: 'Arial',sans-serif; color: #777777; text-align: justify;\">Esta oferta de servicios est\u00e1 dise\u00f1ada sobre las \u00e1reas: Medicina Preventiva y del Trabajo, Seguridad e Higiene Industrial y Salud Ocupacional.<\/p>\n<p>[\/vc_column_text][\/vc_column][vc_column offset=&#8221;vc_col-lg-6 vc_col-md-6&#8243;][vc_images_carousel images=&#8221;15,16,17&#8243; img_size=&#8221;500&#215;350&#8243;][\/vc_column][\/vc_row][vc_row][vc_column][vc_column_text]<\/p>\n<h4 style=\"text-align: center; line-height: 26.25pt; background: white; margin: 0cm 0cm 11.25pt 0cm;\" align=\"center\"><span style=\"font-size: 22.0pt; font-family: 'Lato',sans-serif; color: #0066bf;\">Medicina Preventiva y del Trabajo<\/span><\/h4>\n<p style=\"text-align: center; background: white; margin: 0cm 0cm 7.5pt 0cm;\" align=\"center\"><span style=\"font-size: 13.5pt; font-family: 'Arial',sans-serif; color: #777777;\">Conjunto de actividades dirigidas hacia la promoci\u00f3n de la calidad de vida de los trabajadores, a trav\u00e9s del mantenimiento y mejoramiento de las condiciones de salud.<\/span><\/p>\n<p style=\"margin: 0cm; text-align: center; background: white;\" align=\"center\"><span style=\"font-size: 13.5pt; font-family: 'Arial',sans-serif; color: #777777;\">En esta \u00e1rea\u00a0<b>UNIDAD MEDICA IPS-SO <\/b>ofrece:<\/span><\/p>\n<p>[\/vc_column_text][\/vc_column][\/vc_row][vc_row][vc_column offset=&#8221;vc_col-lg-5 vc_col-md-5&#8243;][vc_column_text]<\/p>\n<h6>EX\u00c1MENES OCUPACIONALES:<\/h6>\n<ol>\n<li>Ex\u00e1menes m\u00e9dicos pre ocupacionales<\/li>\n<li>Ex\u00e1menes m\u00e9dicos ocupacionales peri\u00f3dico(s)<\/li>\n<li>Ex\u00e1menes m\u00e9dicos ocupacionales de retiro(s)<\/li>\n<li>Ex\u00e1menes m\u00e9dicos ocupacionales de reintegro laboral<\/li>\n<li>Ex\u00e1menes m\u00e9dicos ocupacionales reubicaci\u00f3n laboral<\/li>\n<li>Ex\u00e1menes m\u00e9dicos ocupacionales post incapacidad<\/li>\n<li>Certificado m\u00e9dico para manipulaci\u00f3n\u00a0de alimentos<\/li>\n<\/ol>\n<p>[\/vc_column_text][\/vc_column][vc_column offset=&#8221;vc_col-lg-4 vc_col-md-4&#8243;][vc_column_text]<\/p>\n<h6>EX\u00c1MENES DE APOYO DIAGNOSTICO:<\/h6>\n<ol>\n<li>Laboratorio cl\u00ednico<\/li>\n<li>Tamizaje visual ocupacional<\/li>\n<li>Tamizaje auditivo<\/li>\n<li>Espirometr\u00eda<\/li>\n<li>Electrocardiograf\u00eda<\/li>\n<\/ol>\n<p>[\/vc_column_text][\/vc_column][vc_column offset=&#8221;vc_col-lg-3 vc_col-md-3&#8243;][vc_column_text]<\/p>\n<h6>CALIFICACI\u00d3N PERDIDA LABORAL<\/h6>\n<p>&nbsp;[\/vc_column_text][\/vc_column][\/vc_row][vc_row][vc_column][vc_column_text]<\/p>\n<h2 style=\"text-align: center; line-height: 26.25pt; background: white; margin: 0cm 0cm 11.25pt 0cm;\" align=\"center\"><span style=\"font-size: 22.0pt; font-family: 'Lato',sans-serif; color: #0066bf;\">Sistema de Seguridad Industrial y Salud Ocupacional.<\/span><\/h2>\n<p style=\"text-align: justify; background: white; margin: 0cm 0cm 7.5pt 0cm;\" align=\"center\"><b><span style=\"font-size: 13.5pt; font-family: 'Arial',sans-serif; color: #777777;\">UNIDAD MEDICA IPS-SO <\/span><\/b><span style=\"font-size: 13.5pt; font-family: 'Arial',sans-serif; color: #777777;\">e<\/span><span style=\"font-size: 13.5pt; font-family: 'Arial',sans-serif; color: #777777; text-align: justify;\">n lo referente a sistemas de seguridad industrial y salud ocupacional y para que su empresa identifique los peligros y maneje los riesgos y la prevenci\u00f3n de los mismos con est\u00e1ndares de calidad nacional e internacional, mejorando su productividad y competitividad.<\/span><\/p>\n<p style=\"margin: 0cm; text-align: justify; background: white;\" align=\"center\"><span style=\"font-size: 13.5pt; font-family: 'Arial',sans-serif; color: #777777;\">Por lo que le recomendamos la implementaci\u00f3n de este sistema de Gesti\u00f3n y Seguridad en el Trabajo bajo el Decreto 1072 del 2015 y Resoluci\u00f3n 321 del 2019.<\/span><\/p>\n<p><strong>EX\u00c1MENES OCUPACIONALES:<\/strong><\/p>\n<ol>\n<li><strong>Diagn\u00f3stico: <\/strong>incluye la identificaci\u00f3n de los riesgos de una organizaci\u00f3n.<\/li>\n<li><strong>Planeaci\u00f3n: <\/strong>incluye el establecimiento de las actividades, responsables, plazos, Productos y recursos necesarios para el dise\u00f1o, implementaci\u00f3n y mantenimiento del Sistema de Seguridad y Salud en el Trabajo en la organizaci\u00f3n.<\/li>\n<li><strong>Sensibilizaci\u00f3n<\/strong>: estos eventos resaltar\u00e1n aspectos relacionados a la importancia y pertinencia de los Sistemas de Seguridad y Salud en el Trabajo en las organizaciones.<\/li>\n<li><strong>Capacitaci\u00f3n<\/strong>: se realizaran capacitaciones sobre aspectos fundamentales del Sistema de Seguridad y Salud en el Trabajo y de los requisitos del mismo.<\/li>\n<li><strong>Documentaci\u00f3n del Sistema de Seguridad y Salud en el Trabajo, <\/strong>en la cual ir\u00e1n todos los procedimientos requeridos por la Norma, programas, subprogramas, manuales, instructivos y dem\u00e1s.<\/li>\n<li><strong>Implementaci\u00f3n del Sistema de Seguridad y Salud en el Trabajo<\/strong>, se realizaran auditor\u00edas internas, capacitaci\u00f3n al personal y sensibilizaci\u00f3n en cuanto a la Importancia del Sistema de Seguridad y Salud en el Trabajo para controlar y prevenir los riesgos.<\/li>\n<li><strong>Pre-auditor\u00eda<\/strong>: se har\u00e1 una pre-auditor\u00eda o auditor\u00eda interna, con la cual se medir\u00e1 el grado de conformidad del Sistema de Seguridad y Salud en el Trabajo con respecto a los requisitos de la norma y en la cual se obtendr\u00e1n las debilidades y no conformidades del sistema y de esta forma tomar las acciones respectivas para corregirlas.<\/li>\n<li><strong>Mantenimiento del Sistema de Seguridad y Salud en el Trabajo<\/strong>, posterior a la certificaci\u00f3n se har\u00e1 seguimiento y mantenimiento al Sistema para seguir conforme con los requisitos de la norma.<\/li>\n<\/ol>\n<p>[\/vc_column_text][\/vc_column][\/vc_row]<\/p>\n<\/div>","protected":false},"excerpt":{"rendered":"<p>[vc_row][vc_column offset=&#8221;vc_col-lg-6 vc_col-md-6&#8243;][vc_column_text] IPS UNIDAD M\u00c9DICA Seguridad Salud En El Trabajo (SST) Somos una empresa especializada en la prestaci\u00f3n de servicios integrales en Seguridad y Salud en el Trabajo; con un alto nivel de calidad y compromiso reflejado en la plena satisfacci\u00f3n y cumplimiento de las expectativas de nuestros clientes. [\/vc_column_text][vc_column_text] En\u00a0UNIDAD MEDICA IPS-SO planeamos, controlamos, evaluamos y auditamos para&#8230;<\/p>\n","protected":false},"author":1,"featured_media":0,"parent":0,"menu_order":0,"comment_status":"closed","ping_status":"closed","template":"","meta":{"footnotes":""},"class_list":["post-28","page","type-page","status-publish","hentry"],"_links":{"self":[{"href":"https:\/\/ips-unidadmedica.com\/index.php\/wp-json\/wp\/v2\/pages\/28","targetHints":{"allow":["GET"]}}],"collection":[{"href":"https:\/\/ips-unidadmedica.com\/index.php\/wp-json\/wp\/v2\/pages"}],"about":[{"href":"https:\/\/ips-unidadmedica.com\/index.php\/wp-json\/wp\/v2\/types\/page"}],"author":[{"embeddable":true,"href":"https:\/\/ips-unidadmedica.com\/index.php\/wp-json\/wp\/v2\/users\/1"}],"replies":[{"embeddable":true,"href":"https:\/\/ips-unidadmedica.com\/index.php\/wp-json\/wp\/v2\/comments?post=28"}],"version-history":[{"count":3,"href":"https:\/\/ips-unidadmedica.com\/index.php\/wp-json\/wp\/v2\/pages\/28\/revisions"}],"predecessor-version":[{"id":32,"href":"https:\/\/ips-unidadmedica.com\/index.php\/wp-json\/wp\/v2\/pages\/28\/revisions\/32"}],"wp:attachment":[{"href":"https:\/\/ips-unidadmedica.com\/index.php\/wp-json\/wp\/v2\/media?parent=28"}],"curies":[{"name":"wp","href":"https:\/\/api.w.org\/{rel}","templated":true}]}}